{"id":1969,"date":"2023-03-19T15:23:11","date_gmt":"2023-03-19T15:23:11","guid":{"rendered":"https:\/\/klen.gobo-digital.com\/pavimento-in-legno\/"},"modified":"2023-10-30T12:12:35","modified_gmt":"2023-10-30T12:12:35","slug":"pavimento-in-legno","status":"publish","type":"page","link":"https:\/\/klen.hr\/it\/vendita-di-materiali-in-legno\/pavimento-in-legno\/","title":{"rendered":"Pavimento in legno"},"content":{"rendered":"\t\t<div data-elementor-type=\"wp-page\" data-elementor-id=\"1969\" class=\"elementor elementor-1969 elementor-1200\" data-elementor-post-type=\"page\">\n\t\t\t\t\t\t<section class=\"elementor-section elementor-top-section elementor-element elementor-element-333d8454 elementor-section-boxed elementor-section-height-default elementor-section-height-default\" data-id=\"333d8454\" data-element_type=\"section\" data-e-type=\"section\" data-settings=\"{&quot;background_background&quot;:&quot;classic&quot;}\">\n\t\t\t\t\t\t\t<div class=\"elementor-background-overlay\"><\/div>\n\t\t\t\t\t\t\t<div class=\"elementor-container elementor-column-gap-no\">\n\t\t\t\t\t<div class=\"elementor-column elementor-col-100 elementor-top-column elementor-element elementor-element-6c379ab7\" data-id=\"6c379ab7\" data-element_type=\"column\" data-e-type=\"column\">\n\t\t\t<div class=\"elementor-widget-wrap elementor-element-populated\">\n\t\t\t\t\t\t<div class=\"elementor-element elementor-element-1e584977 elementor-widget elementor-widget-heading\" data-id=\"1e584977\" data-element_type=\"widget\" data-e-type=\"widget\" data-widget_type=\"heading.default\">\n\t\t\t\t<div class=\"elementor-widget-container\">\n\t\t\t\t\t<h1 class=\"elementor-heading-title elementor-size-default\">PAVIMENTO IN LEGNO<\/h1>\t\t\t\t<\/div>\n\t\t\t\t<\/div>\n\t\t\t\t\t<\/div>\n\t\t<\/div>\n\t\t\t\t\t<\/div>\n\t\t<\/section>\n\t\t\t\t<section class=\"elementor-section elementor-top-section elementor-element elementor-element-14bf44e3 elementor-section-boxed elementor-section-height-default elementor-section-height-default\" data-id=\"14bf44e3\" data-element_type=\"section\" data-e-type=\"section\" data-settings=\"{&quot;background_background&quot;:&quot;classic&quot;}\">\n\t\t\t\t\t\t<div class=\"elementor-container elementor-column-gap-no\">\n\t\t\t\t\t<div class=\"elementor-column elementor-col-50 elementor-top-column elementor-element elementor-element-10aea527\" data-id=\"10aea527\" data-element_type=\"column\" data-e-type=\"column\">\n\t\t\t<div class=\"elementor-widget-wrap elementor-element-populated\">\n\t\t\t\t\t\t<div class=\"elementor-element elementor-element-5c1ca7f elementor-widget elementor-widget-heading\" data-id=\"5c1ca7f\" data-element_type=\"widget\" data-e-type=\"widget\" data-widget_type=\"heading.default\">\n\t\t\t\t<div class=\"elementor-widget-container\">\n\t\t\t\t\t<h2 class=\"elementor-heading-title elementor-size-default\">Pavimento in legno<\/h2>\t\t\t\t<\/div>\n\t\t\t\t<\/div>\n\t\t\t\t<div class=\"elementor-element elementor-element-554c153d elementor-widget elementor-widget-text-editor\" data-id=\"554c153d\" data-element_type=\"widget\" data-e-type=\"widget\" data-widget_type=\"text-editor.default\">\n\t\t\t\t<div class=\"elementor-widget-container\">\n\t\t\t\t\t\t\t\t\t<p><span style=\"font-weight: 400;\">Uno dei motivi pi\u00f9 importanti per la popolarit\u00e0 dei pavimenti in legno \u00e8 il fatto che il legno \u00e8 un materiale naturale e come tale fornisce una sensazione di comfort e calore. Una soluzione ideale per interni ed esterni.<\/span><\/p>\n\t\t\t\t\t\t\t\t<\/div>\n\t\t\t\t<\/div>\n\t\t\t\t<div class=\"elementor-element elementor-element-8b3672f elementor-widget elementor-widget-text-editor\" data-id=\"8b3672f\" data-element_type=\"widget\" data-e-type=\"widget\" data-widget_type=\"text-editor.default\">\n\t\t\t\t<div class=\"elementor-widget-container\">\n\t\t\t\t\t\t\t\t\t<p><span style=\"font-weight: 400;\">Offriamo diverse classi di differenti spessori, larghezze e lunghezze. Se avete bisogno di un profilo che non abbiamo in magazzino, possiamo ordinarlo per voi!<\/span><\/p>\n\t\t\t\t\t\t\t\t<\/div>\n\t\t\t\t<\/div>\n\t\t\t\t\t<\/div>\n\t\t<\/div>\n\t\t\t\t<div class=\"elementor-column elementor-col-50 elementor-top-column elementor-element elementor-element-4d265027\" data-id=\"4d265027\" data-element_type=\"column\" data-e-type=\"column\">\n\t\t\t<div class=\"elementor-widget-wrap\">\n\t\t\t\t\t\t\t<\/div>\n\t\t<\/div>\n\t\t\t\t\t<\/div>\n\t\t<\/section>\n\t\t\t\t<section class=\"elementor-section elementor-top-section elementor-element elementor-element-4dadcfc3 elementor-section-boxed elementor-section-height-default elementor-section-height-default\" data-id=\"4dadcfc3\" data-element_type=\"section\" data-e-type=\"section\">\n\t\t\t\t\t\t<div class=\"elementor-container elementor-column-gap-default\">\n\t\t\t\t\t<div class=\"elementor-column elementor-col-100 elementor-top-column elementor-element elementor-element-5e8f79c8\" data-id=\"5e8f79c8\" data-element_type=\"column\" data-e-type=\"column\">\n\t\t\t<div class=\"elementor-widget-wrap elementor-element-populated\">\n\t\t\t\t\t\t<div class=\"elementor-element elementor-element-3d78095c elementor-widget elementor-widget-heading\" data-id=\"3d78095c\" data-element_type=\"widget\" data-e-type=\"widget\" data-widget_type=\"heading.default\">\n\t\t\t\t<div class=\"elementor-widget-container\">\n\t\t\t\t\t<h2 class=\"elementor-heading-title elementor-size-default\">Dimensioni<\/h2>\t\t\t\t<\/div>\n\t\t\t\t<\/div>\n\t\t\t\t<div class=\"elementor-element elementor-element-14fbf81 elementor-widget elementor-widget-text-editor\" data-id=\"14fbf81\" data-element_type=\"widget\" data-e-type=\"widget\" data-widget_type=\"text-editor.default\">\n\t\t\t\t<div class=\"elementor-widget-container\">\n\t\t\t\t\t\t\t\t\t<table><tbody><tr><td><p><span style=\"font-weight: 400;\">Classe<\/span><\/p><\/td><td><p><span style=\"font-weight: 400;\">Spessore (mm)<\/span><\/p><\/td><td><p><span style=\"font-weight: 400;\">Larghezza (mm)\u00a0<\/span><\/p><\/td><td><p><span style=\"font-weight: 400;\">Lunghezza (mm)\u00a0<\/span><\/p><\/td><\/tr><tr><td><p><span style=\"font-weight: 400;\">C<\/span><\/p><\/td><td><p><span style=\"font-weight: 400;\">19<\/span><\/p><\/td><td><p><span style=\"font-weight: 400;\">146<\/span><\/p><\/td><td><p><span style=\"font-weight: 400;\">differenti<\/span><\/p><\/td><\/tr><tr><td><p><span style=\"font-weight: 400;\">B\/C<\/span><\/p><\/td><td><p><span style=\"font-weight: 400;\">19<\/span><\/p><\/td><td><p><span style=\"font-weight: 400;\">146<\/span><\/p><\/td><td><p><span style=\"font-weight: 400;\">4000\/5000<\/span><\/p><\/td><\/tr><tr><td><p><span style=\"font-weight: 400;\">B<\/span><\/p><\/td><td><p><span style=\"font-weight: 400;\">19<\/span><\/p><\/td><td><p><span style=\"font-weight: 400;\">146<\/span><\/p><\/td><td><p><span style=\"font-weight: 400;\">4000\/5000<\/span><\/p><\/td><\/tr><tr><td><p><span style=\"font-weight: 400;\">AB<\/span><\/p><\/td><td><p><span style=\"font-weight: 400;\">19<\/span><\/p><\/td><td><p><span style=\"font-weight: 400;\">146<\/span><\/p><\/td><td><p><span style=\"font-weight: 400;\">4000<\/span><\/p><\/td><\/tr><tr><td><p><span style=\"font-weight: 400;\">AB<\/span><\/p><\/td><td><p><span style=\"font-weight: 400;\">24<\/span><\/p><\/td><td><p><span style=\"font-weight: 400;\">146<\/span><\/p><\/td><td><p><span style=\"font-weight: 400;\">3000\/4000<\/span><\/p><\/td><\/tr><tr><td><p><span style=\"font-weight: 400;\">AB<\/span><\/p><\/td><td><p><span style=\"font-weight: 400;\">32<\/span><\/p><\/td><td><p><span style=\"font-weight: 400;\">146<\/span><\/p><\/td><td><p><span style=\"font-weight: 400;\">4000<\/span><\/p><\/td><\/tr><\/tbody><\/table>\t\t\t\t\t\t\t\t<\/div>\n\t\t\t\t<\/div>\n\t\t\t\t\t<\/div>\n\t\t<\/div>\n\t\t\t\t\t<\/div>\n\t\t<\/section>\n\t\t\t\t<section class=\"elementor-section elementor-top-section elementor-element elementor-element-4da13b47 elementor-section-boxed elementor-section-height-default elementor-section-height-default\" data-id=\"4da13b47\" data-element_type=\"section\" data-e-type=\"section\" data-settings=\"{&quot;background_background&quot;:&quot;classic&quot;}\">\n\t\t\t\t\t\t<div class=\"elementor-container elementor-column-gap-no\">\n\t\t\t\t\t<div class=\"elementor-column elementor-col-100 elementor-top-column elementor-element elementor-element-642531a1\" data-id=\"642531a1\" data-element_type=\"column\" data-e-type=\"column\">\n\t\t\t<div class=\"elementor-widget-wrap elementor-element-populated\">\n\t\t\t\t\t\t<div class=\"elementor-element elementor-element-7ee1d42a elementor-widget elementor-widget-gallery\" data-id=\"7ee1d42a\" data-element_type=\"widget\" data-e-type=\"widget\" data-settings=\"{&quot;columns&quot;:2,&quot;lazyload&quot;:&quot;yes&quot;,&quot;gallery_layout&quot;:&quot;grid&quot;,&quot;columns_tablet&quot;:2,&quot;columns_mobile&quot;:1,&quot;gap&quot;:{&quot;unit&quot;:&quot;px&quot;,&quot;size&quot;:10,&quot;sizes&quot;:[]},&quot;gap_tablet&quot;:{&quot;unit&quot;:&quot;px&quot;,&quot;size&quot;:10,&quot;sizes&quot;:[]},&quot;gap_mobile&quot;:{&quot;unit&quot;:&quot;px&quot;,&quot;size&quot;:10,&quot;sizes&quot;:[]},&quot;link_to&quot;:&quot;file&quot;,&quot;aspect_ratio&quot;:&quot;3:2&quot;,&quot;overlay_background&quot;:&quot;yes&quot;,&quot;content_hover_animation&quot;:&quot;fade-in&quot;}\" data-widget_type=\"gallery.default\">\n\t\t\t\t<div class=\"elementor-widget-container\">\n\t\t\t\t\t\t\t<div class=\"elementor-gallery__container\">\n\t\t\t\t\t\t\t<a class=\"e-gallery-item elementor-gallery-item elementor-animated-content\" href=\"https:\/\/klen.hr\/wp-content\/uploads\/2023\/03\/DSC_8217.jpg\" data-elementor-open-lightbox=\"yes\" data-elementor-lightbox-slideshow=\"7ee1d42a\" data-elementor-lightbox-title=\"Brodski pod\" data-e-action-hash=\"#elementor-action%3Aaction%3Dlightbox%26settings%3DeyJpZCI6MTI1MywidXJsIjoiaHR0cHM6XC9cL2tsZW4uaHJcL3dwLWNvbnRlbnRcL3VwbG9hZHNcLzIwMjNcLzAzXC9EU0NfODIxNy5qcGciLCJzbGlkZXNob3ciOiI3ZWUxZDQyYSJ9\">\n\t\t\t\t\t<div class=\"e-gallery-image elementor-gallery-item__image\" data-thumbnail=\"https:\/\/klen.hr\/wp-content\/uploads\/2023\/03\/DSC_8217.jpg\" data-width=\"1000\" data-height=\"668\" aria-label=\"Brodski pod\" role=\"img\" ><\/div>\n\t\t\t\t\t\t\t\t\t\t\t<div class=\"elementor-gallery-item__overlay\"><\/div>\n\t\t\t\t\t\t\t\t\t\t\t\t\t\t<\/a>\n\t\t\t\t\t\t\t<a class=\"e-gallery-item elementor-gallery-item elementor-animated-content\" href=\"https:\/\/klen.hr\/wp-content\/uploads\/2023\/03\/DSC_2417.png\" data-elementor-open-lightbox=\"yes\" data-elementor-lightbox-slideshow=\"7ee1d42a\" data-elementor-lightbox-title=\"Brodski pod\" data-e-action-hash=\"#elementor-action%3Aaction%3Dlightbox%26settings%3DeyJpZCI6MTI1NCwidXJsIjoiaHR0cHM6XC9cL2tsZW4uaHJcL3dwLWNvbnRlbnRcL3VwbG9hZHNcLzIwMjNcLzAzXC9EU0NfMjQxNy5wbmciLCJzbGlkZXNob3ciOiI3ZWUxZDQyYSJ9\">\n\t\t\t\t\t<div class=\"e-gallery-image elementor-gallery-item__image\" data-thumbnail=\"https:\/\/klen.hr\/wp-content\/uploads\/2023\/03\/DSC_2417.png\" data-width=\"1000\" data-height=\"667\" aria-label=\"Brodski pod\" role=\"img\" ><\/div>\n\t\t\t\t\t\t\t\t\t\t\t<div class=\"elementor-gallery-item__overlay\"><\/div>\n\t\t\t\t\t\t\t\t\t\t\t\t\t\t<\/a>\n\t\t\t\t\t<\/div>\n\t\t\t\t\t<\/div>\n\t\t\t\t<\/div>\n\t\t\t\t\t<\/div>\n\t\t<\/div>\n\t\t\t\t\t<\/div>\n\t\t<\/section>\n\t\t\t\t<\/div>\n\t\t","protected":false},"excerpt":{"rendered":"<p>PAVIMENTO IN LEGNO Pavimento in legno Uno dei motivi pi\u00f9 importanti per la popolarit\u00e0 dei pavimenti in legno \u00e8 il fatto che il legno \u00e8 un materiale naturale e come tale fornisce una sensazione di comfort e calore. Una soluzione ideale per interni ed esterni. Offriamo diverse classi di differenti spessori, larghezze e lunghezze. Se [&hellip;]<\/p>\n","protected":false},"author":1,"featured_media":0,"parent":2020,"menu_order":0,"comment_status":"closed","ping_status":"closed","template":"","meta":{"site-sidebar-layout":"no-sidebar","site-content-layout":"page-builder","ast-site-content-layout":"default","site-content-style":"default","site-sidebar-style":"default","ast-global-header-display":"","ast-banner-title-visibility":"","ast-main-header-display":"","ast-hfb-above-header-display":"","ast-hfb-below-header-display":"","ast-hfb-mobile-header-display":"","site-post-title":"disabled","ast-breadcrumbs-content":"","ast-featured-img":"disabled","footer-sml-layout":"","ast-disable-related-posts":"","theme-transparent-header-meta":"default","adv-header-id-meta":"","stick-header-meta":"default","header-above-stick-meta":"","header-main-stick-meta":"","header-below-stick-meta":"","astra-migrate-meta-layouts":"default","ast-page-background-enabled":"default","ast-page-background-meta":{"desktop":{"background-color":"var(--ast-global-color-4)","background-image":"","background-repeat":"repeat","background-position":"center center","background-size":"auto","background-attachment":"scroll","background-type":"","background-media":"","overlay-type":"","overlay-color":"","overlay-opacity":"","overlay-gradient":""},"tablet":{"background-color":"","background-image":"","background-repeat":"repeat","background-position":"center center","background-size":"auto","background-attachment":"scroll","background-type":"","background-media":"","overlay-type":"","overlay-color":"","overlay-opacity":"","overlay-gradient":""},"mobile":{"background-color":"","background-image":"","background-repeat":"repeat","background-position":"center center","background-size":"auto","background-attachment":"scroll","background-type":"","background-media":"","overlay-type":"","overlay-color":"","overlay-opacity":"","overlay-gradient":""}},"ast-content-background-meta":{"desktop":{"background-color":"var(--ast-global-color-5)","background-image":"","background-repeat":"repeat","background-position":"center center","background-size":"auto","background-attachment":"scroll","background-type":"","background-media":"","overlay-type":"","overlay-color":"","overlay-opacity":"","overlay-gradient":""},"tablet":{"background-color":"var(--ast-global-color-5)","background-image":"","background-repeat":"repeat","background-position":"center center","background-size":"auto","background-attachment":"scroll","background-type":"","background-media":"","overlay-type":"","overlay-color":"","overlay-opacity":"","overlay-gradient":""},"mobile":{"background-color":"var(--ast-global-color-5)","background-image":"","background-repeat":"repeat","background-position":"center center","background-size":"auto","background-attachment":"scroll","background-type":"","background-media":"","overlay-type":"","overlay-color":"","overlay-opacity":"","overlay-gradient":""}},"footnotes":""},"class_list":["post-1969","page","type-page","status-publish","hentry"],"yoast_head":"<!-- This site is optimized with the Yoast SEO plugin v27.3 - https:\/\/yoast.com\/product\/yoast-seo-wordpress\/ -->\n<title>Pavimento in legno - Klen d.o.o.<\/title>\n<meta name=\"robots\" content=\"index, follow, max-snippet:-1, max-image-preview:large, max-video-preview:-1\" \/>\n<link rel=\"canonical\" href=\"https:\/\/klen.hr\/it\/vendita-di-materiali-in-legno\/pavimento-in-legno\/\" \/>\n<meta property=\"og:locale\" content=\"it_IT\" \/>\n<meta property=\"og:type\" content=\"article\" \/>\n<meta property=\"og:title\" content=\"Pavimento in legno - Klen d.o.o.\" \/>\n<meta property=\"og:description\" content=\"PAVIMENTO IN LEGNO Pavimento in legno Uno dei motivi pi\u00f9 importanti per la popolarit\u00e0 dei pavimenti in legno \u00e8 il fatto che il legno \u00e8 un materiale naturale e come tale fornisce una sensazione di comfort e calore. Una soluzione ideale per interni ed esterni. Offriamo diverse classi di differenti spessori, larghezze e lunghezze. Se [&hellip;]\" \/>\n<meta property=\"og:url\" content=\"https:\/\/klen.hr\/it\/vendita-di-materiali-in-legno\/pavimento-in-legno\/\" \/>\n<meta property=\"og:site_name\" content=\"Klen d.o.o.\" \/>\n<meta property=\"article:publisher\" content=\"https:\/\/www.facebook.com\/klen.hr\" \/>\n<meta property=\"article:modified_time\" content=\"2023-10-30T12:12:35+00:00\" \/>\n<meta name=\"twitter:card\" content=\"summary_large_image\" \/>\n<script type=\"application\/ld+json\" class=\"yoast-schema-graph\">{\"@context\":\"https:\\\/\\\/schema.org\",\"@graph\":[{\"@type\":\"WebPage\",\"@id\":\"https:\\\/\\\/klen.hr\\\/it\\\/vendita-di-materiali-in-legno\\\/pavimento-in-legno\\\/\",\"url\":\"https:\\\/\\\/klen.hr\\\/it\\\/vendita-di-materiali-in-legno\\\/pavimento-in-legno\\\/\",\"name\":\"Pavimento in legno - Klen d.o.o.\",\"isPartOf\":{\"@id\":\"https:\\\/\\\/klen.hr\\\/it\\\/#website\"},\"datePublished\":\"2023-03-19T15:23:11+00:00\",\"dateModified\":\"2023-10-30T12:12:35+00:00\",\"breadcrumb\":{\"@id\":\"https:\\\/\\\/klen.hr\\\/it\\\/vendita-di-materiali-in-legno\\\/pavimento-in-legno\\\/#breadcrumb\"},\"inLanguage\":\"it-IT\",\"potentialAction\":[{\"@type\":\"ReadAction\",\"target\":[\"https:\\\/\\\/klen.hr\\\/it\\\/vendita-di-materiali-in-legno\\\/pavimento-in-legno\\\/\"]}]},{\"@type\":\"BreadcrumbList\",\"@id\":\"https:\\\/\\\/klen.hr\\\/it\\\/vendita-di-materiali-in-legno\\\/pavimento-in-legno\\\/#breadcrumb\",\"itemListElement\":[{\"@type\":\"ListItem\",\"position\":1,\"name\":\"Home\",\"item\":\"https:\\\/\\\/klen.hr\\\/it\\\/home\\\/\"},{\"@type\":\"ListItem\",\"position\":2,\"name\":\"Vendita di materiali in legno\",\"item\":\"https:\\\/\\\/klen.hr\\\/it\\\/vendita-di-materiali-in-legno\\\/\"},{\"@type\":\"ListItem\",\"position\":3,\"name\":\"Pavimento in legno\"}]},{\"@type\":\"WebSite\",\"@id\":\"https:\\\/\\\/klen.hr\\\/it\\\/#website\",\"url\":\"https:\\\/\\\/klen.hr\\\/it\\\/\",\"name\":\"Klen d.o.o.\",\"description\":\"Proizvodnja, monta\u017ea i prodaja\",\"publisher\":{\"@id\":\"https:\\\/\\\/klen.hr\\\/it\\\/#organization\"},\"potentialAction\":[{\"@type\":\"SearchAction\",\"target\":{\"@type\":\"EntryPoint\",\"urlTemplate\":\"https:\\\/\\\/klen.hr\\\/it\\\/?s={search_term_string}\"},\"query-input\":{\"@type\":\"PropertyValueSpecification\",\"valueRequired\":true,\"valueName\":\"search_term_string\"}}],\"inLanguage\":\"it-IT\"},{\"@type\":\"Organization\",\"@id\":\"https:\\\/\\\/klen.hr\\\/it\\\/#organization\",\"name\":\"Klen d.o.o.\",\"url\":\"https:\\\/\\\/klen.hr\\\/it\\\/\",\"logo\":{\"@type\":\"ImageObject\",\"inLanguage\":\"it-IT\",\"@id\":\"https:\\\/\\\/klen.hr\\\/it\\\/#\\\/schema\\\/logo\\\/image\\\/\",\"url\":\"https:\\\/\\\/klen.hr\\\/wp-content\\\/uploads\\\/2023\\\/02\\\/KLEN_Smedi-Znak.png\",\"contentUrl\":\"https:\\\/\\\/klen.hr\\\/wp-content\\\/uploads\\\/2023\\\/02\\\/KLEN_Smedi-Znak.png\",\"width\":1000,\"height\":215,\"caption\":\"Klen d.o.o.\"},\"image\":{\"@id\":\"https:\\\/\\\/klen.hr\\\/it\\\/#\\\/schema\\\/logo\\\/image\\\/\"},\"sameAs\":[\"https:\\\/\\\/www.facebook.com\\\/klen.hr\",\"https:\\\/\\\/www.instagram.com\\\/klen_exterior_solutions\\\/\"]}]}<\/script>\n<!-- \/ Yoast SEO plugin. -->","yoast_head_json":{"title":"Pavimento in legno - Klen d.o.o.","robots":{"index":"index","follow":"follow","max-snippet":"max-snippet:-1","max-image-preview":"max-image-preview:large","max-video-preview":"max-video-preview:-1"},"canonical":"https:\/\/klen.hr\/it\/vendita-di-materiali-in-legno\/pavimento-in-legno\/","og_locale":"it_IT","og_type":"article","og_title":"Pavimento in legno - Klen d.o.o.","og_description":"PAVIMENTO IN LEGNO Pavimento in legno Uno dei motivi pi\u00f9 importanti per la popolarit\u00e0 dei pavimenti in legno \u00e8 il fatto che il legno \u00e8 un materiale naturale e come tale fornisce una sensazione di comfort e calore. Una soluzione ideale per interni ed esterni. Offriamo diverse classi di differenti spessori, larghezze e lunghezze. Se [&hellip;]","og_url":"https:\/\/klen.hr\/it\/vendita-di-materiali-in-legno\/pavimento-in-legno\/","og_site_name":"Klen d.o.o.","article_publisher":"https:\/\/www.facebook.com\/klen.hr","article_modified_time":"2023-10-30T12:12:35+00:00","twitter_card":"summary_large_image","schema":{"@context":"https:\/\/schema.org","@graph":[{"@type":"WebPage","@id":"https:\/\/klen.hr\/it\/vendita-di-materiali-in-legno\/pavimento-in-legno\/","url":"https:\/\/klen.hr\/it\/vendita-di-materiali-in-legno\/pavimento-in-legno\/","name":"Pavimento in legno - Klen d.o.o.","isPartOf":{"@id":"https:\/\/klen.hr\/it\/#website"},"datePublished":"2023-03-19T15:23:11+00:00","dateModified":"2023-10-30T12:12:35+00:00","breadcrumb":{"@id":"https:\/\/klen.hr\/it\/vendita-di-materiali-in-legno\/pavimento-in-legno\/#breadcrumb"},"inLanguage":"it-IT","potentialAction":[{"@type":"ReadAction","target":["https:\/\/klen.hr\/it\/vendita-di-materiali-in-legno\/pavimento-in-legno\/"]}]},{"@type":"BreadcrumbList","@id":"https:\/\/klen.hr\/it\/vendita-di-materiali-in-legno\/pavimento-in-legno\/#breadcrumb","itemListElement":[{"@type":"ListItem","position":1,"name":"Home","item":"https:\/\/klen.hr\/it\/home\/"},{"@type":"ListItem","position":2,"name":"Vendita di materiali in legno","item":"https:\/\/klen.hr\/it\/vendita-di-materiali-in-legno\/"},{"@type":"ListItem","position":3,"name":"Pavimento in legno"}]},{"@type":"WebSite","@id":"https:\/\/klen.hr\/it\/#website","url":"https:\/\/klen.hr\/it\/","name":"Klen d.o.o.","description":"Proizvodnja, monta\u017ea i prodaja","publisher":{"@id":"https:\/\/klen.hr\/it\/#organization"},"potentialAction":[{"@type":"SearchAction","target":{"@type":"EntryPoint","urlTemplate":"https:\/\/klen.hr\/it\/?s={search_term_string}"},"query-input":{"@type":"PropertyValueSpecification","valueRequired":true,"valueName":"search_term_string"}}],"inLanguage":"it-IT"},{"@type":"Organization","@id":"https:\/\/klen.hr\/it\/#organization","name":"Klen d.o.o.","url":"https:\/\/klen.hr\/it\/","logo":{"@type":"ImageObject","inLanguage":"it-IT","@id":"https:\/\/klen.hr\/it\/#\/schema\/logo\/image\/","url":"https:\/\/klen.hr\/wp-content\/uploads\/2023\/02\/KLEN_Smedi-Znak.png","contentUrl":"https:\/\/klen.hr\/wp-content\/uploads\/2023\/02\/KLEN_Smedi-Znak.png","width":1000,"height":215,"caption":"Klen d.o.o."},"image":{"@id":"https:\/\/klen.hr\/it\/#\/schema\/logo\/image\/"},"sameAs":["https:\/\/www.facebook.com\/klen.hr","https:\/\/www.instagram.com\/klen_exterior_solutions\/"]}]}},"_links":{"self":[{"href":"https:\/\/klen.hr\/it\/wp-json\/wp\/v2\/pages\/1969","targetHints":{"allow":["GET"]}}],"collection":[{"href":"https:\/\/klen.hr\/it\/wp-json\/wp\/v2\/pages"}],"about":[{"href":"https:\/\/klen.hr\/it\/wp-json\/wp\/v2\/types\/page"}],"author":[{"embeddable":true,"href":"https:\/\/klen.hr\/it\/wp-json\/wp\/v2\/users\/1"}],"replies":[{"embeddable":true,"href":"https:\/\/klen.hr\/it\/wp-json\/wp\/v2\/comments?post=1969"}],"version-history":[{"count":0,"href":"https:\/\/klen.hr\/it\/wp-json\/wp\/v2\/pages\/1969\/revisions"}],"up":[{"embeddable":true,"href":"https:\/\/klen.hr\/it\/wp-json\/wp\/v2\/pages\/2020"}],"wp:attachment":[{"href":"https:\/\/klen.hr\/it\/wp-json\/wp\/v2\/media?parent=1969"}],"curies":[{"name":"wp","href":"https:\/\/api.w.org\/{rel}","templated":true}]}}